{"id":871,"date":"2025-10-01T07:07:36","date_gmt":"2025-10-01T07:07:36","guid":{"rendered":"https:\/\/gndfood.com\/human-resources\/"},"modified":"2025-10-13T10:03:38","modified_gmt":"2025-10-13T10:03:38","slug":"human-resources","status":"publish","type":"page","link":"https:\/\/gndfood.com\/en\/human-resources\/","title":{"rendered":"Human Resources"},"content":{"rendered":"\t\t<div data-elementor-type=\"wp-page\" data-elementor-id=\"871\" class=\"elementor elementor-871 elementor-596\">\n\t\t\t\t<div class=\"elementor-element elementor-element-2738740 e-con-full e-flex e-con e-parent\" data-id=\"2738740\" data-element_type=\"container\" data-settings=\"{&quot;background_background&quot;:&quot;classic&quot;}\">\n\t\t<div class=\"elementor-element elementor-element-44b02c6 e-flex e-con-boxed e-con e-child\" data-id=\"44b02c6\" data-element_type=\"container\">\n\t\t\t\t\t<div class=\"e-con-inner\">\n\t\t\t\t<div class=\"elementor-element elementor-element-c478989 elementor-widget elementor-widget-heading\" data-id=\"c478989\" data-element_type=\"widget\" data-widget_type=\"heading.default\">\n\t\t\t\t\t<h2 class=\"elementor-heading-title elementor-size-default\">Human Resources<\/h2>\t\t\t\t<\/div>\n\t\t\t\t<div class=\"elementor-element elementor-element-6df6a75 elementor-widget elementor-widget-heading\" data-id=\"6df6a75\" data-element_type=\"widget\" data-widget_type=\"heading.default\">\n\t\t\t\t\t<h2 class=\"elementor-heading-title elementor-size-default\">We Carry Flavor to the Future<\/h2>\t\t\t\t<\/div>\n\t\t\t\t\t<\/div>\n\t\t\t\t<\/div>\n\t\t\t\t<\/div>\n\t\t<div class=\"elementor-element elementor-element-70e65bf9 e-flex e-con-boxed e-con e-parent\" data-id=\"70e65bf9\" data-element_type=\"container\">\n\t\t\t\t\t<div class=\"e-con-inner\">\n\t\t<div class=\"elementor-element elementor-element-471971fb e-con-full e-flex e-con e-child\" data-id=\"471971fb\" data-element_type=\"container\">\n\t\t\t\t<div class=\"elementor-element elementor-element-430452a elementor-widget elementor-widget-gva-image-content\" data-id=\"430452a\" data-element_type=\"widget\" data-widget_type=\"gva-image-content.default\">\n\t\t\t\t<div class=\"elementor-widget-container\">\n\t\t\t\t\t<div class=\"gva-element-gva-image-content gva-element\">\t\t\r\n\t  \r\n\t \r\n\r\n\t \r\n\r\n\t\t\t<div class=\"about-three__single\">\r\n\t\t  \t<div class=\"about-three__image\"><div class=\"content-inner\"><img decoding=\"async\" src=\"http:\/\/gndfood.com\/wp-content\/uploads\/2025\/10\/bonmiel-insan-kaynaklari.jpg\" alt=\"\" \/><\/div><\/div>\t\t<\/div>\r\n\t\r\n\t \r\n  \r\n \r\n\r\n  \r\n \r\n\r\n \r\n\t<\/div>\t\t\t\t<\/div>\n\t\t\t\t<\/div>\n\t\t\t\t<\/div>\n\t\t<div class=\"elementor-element elementor-element-2866184b e-con-full e-flex e-con e-child\" data-id=\"2866184b\" data-element_type=\"container\">\n\t\t\t\t<div class=\"elementor-element elementor-element-ad537ab elementor-widget elementor-widget-text-editor\" data-id=\"ad537ab\" data-element_type=\"widget\" data-widget_type=\"text-editor.default\">\n\t\t\t\t\t\t\t\t\t<p data-start=\"1465\" data-end=\"1674\">As GND Food, we believe that the basis of our success lies in the <strong data-start=\"1503\" data-end=\"1557\">hard work, creativity and team spirit<\/strong> of our employees. We prioritize a culture of transparency, trust, respect and continuous improvement in our work environment.<\/p><h3 data-start=\"1676\" data-end=\"1705\">Working with Us Means:<\/h3><ul><li data-start=\"1708\" data-end=\"1755\">A safe and ethical work environment<\/li><li data-start=\"1758\" data-end=\"1793\">Opportunity for continuous learning and development<\/li><li data-start=\"1796\" data-end=\"1864\">\u00c7e\u015fitlili\u011fe, e\u015fitli\u011fe ve f\u0131rsat e\u015fitli\u011fine dayal\u0131 bir kariyer yolu<\/li><li data-start=\"1867\" data-end=\"1931\">A family environment where team spirit and solidarity are at the forefront<\/li><\/ul><h3 data-start=\"1933\" data-end=\"1957\">Career Opportunities<\/h3><p data-start=\"1958\" data-end=\"2175\">We offer job and internship opportunities in different fields for candidates who want to join the GND Food family. A wide range of career opportunities await you, from food production to logistics, from sales and marketing to R&amp;D.<\/p><p data-start=\"2177\" data-end=\"2283\">\ud83d\udce9 To apply, you can send your CV to <strong data-start=\"2201\" data-end=\"2219\">\n  <a class=\"decorated-link cursor-pointer\" rel=\"noopener\" data-start=\"2203\" data-end=\"2217\">ik@gndfood.com<\/a>\n<\/strong> <a class=\"decorated-link cursor-pointer\" rel=\"noopener\" data-start=\"2203\" data-end=\"2217\">or fill out the form below.<\/a><\/p>\t\t\t\t\t\t\t\t<\/div>\n\t\t\t\t<\/div>\n\t\t\t\t\t<\/div>\n\t\t\t\t<\/div>\n\t\t<div class=\"elementor-element elementor-element-c05e226 e-flex e-con-boxed e-con e-parent\" data-id=\"c05e226\" data-element_type=\"container\">\n\t\t\t\t\t<div class=\"e-con-inner\">\n\t\t<div class=\"elementor-element elementor-element-1131d6b e-con-full e-flex e-con e-child\" data-id=\"1131d6b\" data-element_type=\"container\">\n\t\t\t\t<div class=\"elementor-element elementor-element-21b0466 elementor-widget elementor-widget-shortcode\" data-id=\"21b0466\" data-element_type=\"widget\" data-widget_type=\"shortcode.default\">\n\t\t\t\t\t\t\t<div class=\"elementor-shortcode\">\n<div class=\"wpcf7 no-js\" id=\"wpcf7-f1070-o1\" lang=\"en-US\" dir=\"ltr\" data-wpcf7-id=\"1070\">\n<div class=\"screen-reader-response\"><p role=\"status\" aria-live=\"polite\" aria-atomic=\"true\"><\/p> <ul><\/ul><\/div>\n<form action=\"\/en\/wp-json\/wp\/v2\/pages\/871#wpcf7-f1070-o1\" method=\"post\" class=\"wpcf7-form init\" aria-label=\"Contact form\" enctype=\"multipart\/form-data\" novalidate=\"novalidate\" data-status=\"init\">\n<fieldset class=\"hidden-fields-container\"><input type=\"hidden\" name=\"_wpcf7\" value=\"1070\" \/><input type=\"hidden\" name=\"_wpcf7_version\" value=\"6.1.4\" \/><input type=\"hidden\" name=\"_wpcf7_locale\" value=\"en_US\" \/><input type=\"hidden\" name=\"_wpcf7_unit_tag\" value=\"wpcf7-f1070-o1\" \/><input type=\"hidden\" name=\"_wpcf7_container_post\" value=\"0\" \/><input type=\"hidden\" name=\"_wpcf7_posted_data_hash\" value=\"\" \/>\n<\/fieldset>\n<div class=\"row\">\n   <div class=\"col-sm-6 col-xs-12\">\n  <span class=\"wpcf7-form-control-wrap\" data-name=\"your-name\"><input size=\"40\" maxlength=\"400\" class=\"wpcf7-form-control wpcf7-text wpcf7-validates-as-required\" aria-required=\"true\" aria-invalid=\"false\" placeholder=\"Name Surname\" value=\"\" type=\"text\" name=\"your-name\" \/><\/span>\n   <\/div>\n   <div class=\"col-sm-6 col-xs-12\">\n  <span class=\"wpcf7-form-control-wrap\" data-name=\"your-email\"><input size=\"40\" maxlength=\"400\" class=\"wpcf7-form-control wpcf7-email wpcf7-validates-as-required wpcf7-text wpcf7-validates-as-email\" aria-required=\"true\" aria-invalid=\"false\" placeholder=\"E-mail Address\" value=\"\" type=\"email\" name=\"your-email\" \/><\/span>\n   <\/div>\n<\/div>\n<div class=\"row\">\n   <div class=\"col-sm-6 col-xs-12\">\n  <span class=\"wpcf7-form-control-wrap\" data-name=\"your-phone\"><input size=\"40\" maxlength=\"400\" class=\"wpcf7-form-control wpcf7-tel wpcf7-validates-as-required wpcf7-text wpcf7-validates-as-tel\" aria-required=\"true\" aria-invalid=\"false\" placeholder=\"Phone Number\" value=\"\" type=\"tel\" name=\"your-phone\" \/><\/span>\n   <\/div>\n   <div class=\"col-sm-6 col-xs-12\">\n      <span class=\"wpcf7-form-control-wrap\" data-name=\"your-position\"><input size=\"40\" maxlength=\"400\" class=\"wpcf7-form-control wpcf7-text\" aria-invalid=\"false\" placeholder=\"Position Applied For\" value=\"\" type=\"text\" name=\"your-position\" \/><\/span>\n   <\/div>\n<\/div>\n<div class=\"row\">\n   <div class=\"col-sm-12 col-xs-12\">\n  <span class=\"wpcf7-form-control-wrap\" data-name=\"your-cv\"><input size=\"40\" class=\"wpcf7-form-control wpcf7-file wpcf7-validates-as-required\" accept=\"audio\/*,video\/*,image\/*\" aria-required=\"true\" aria-invalid=\"false\" type=\"file\" name=\"your-cv\" \/><\/span>\n   <\/div>\n   <div class=\"col-sm-12 col-xs-12\">\n      <span class=\"wpcf7-form-control-wrap\" data-name=\"your-message\"><textarea cols=\"40\" rows=\"10\" maxlength=\"2000\" class=\"wpcf7-form-control wpcf7-textarea\" aria-invalid=\"false\" placeholder=\"Introduce Yourself \/ Your Message\" name=\"your-message\"><\/textarea><\/span>\n   <\/div>\n   <div class=\"col-sm-12 col-xs-12 action text-right\">\n      <span class=\"form-action\"><input class=\"wpcf7-form-control wpcf7-submit has-spinner\" type=\"submit\" value=\"Submit Application\" \/><\/span>\n   <\/div>\n<\/div><div class=\"wpcf7-response-output\" aria-hidden=\"true\"><\/div>\n<\/form>\n<\/div>\n<\/div>\n\t\t\t\t\t\t<\/div>\n\t\t\t\t<\/div>\n\t\t\t\t\t<\/div>\n\t\t\t\t<\/div>\n\t\t\t\t<\/div>\n\t\t","protected":false},"excerpt":{"rendered":"<p>Human Resources We Carry Flavor to the Future As GND Food, we believe that the basis of our success lies in the hard work, creativity and team spirit of our [&hellip;]<\/p>\n","protected":false},"author":1,"featured_media":0,"parent":0,"menu_order":0,"comment_status":"closed","ping_status":"closed","template":"","meta":{"footnotes":""},"class_list":["post-871","page","type-page","status-publish","hentry"],"_links":{"self":[{"href":"https:\/\/gndfood.com\/en\/wp-json\/wp\/v2\/pages\/871","targetHints":{"allow":["GET"]}}],"collection":[{"href":"https:\/\/gndfood.com\/en\/wp-json\/wp\/v2\/pages"}],"about":[{"href":"https:\/\/gndfood.com\/en\/wp-json\/wp\/v2\/types\/page"}],"author":[{"embeddable":true,"href":"https:\/\/gndfood.com\/en\/wp-json\/wp\/v2\/users\/1"}],"replies":[{"embeddable":true,"href":"https:\/\/gndfood.com\/en\/wp-json\/wp\/v2\/comments?post=871"}],"version-history":[{"count":4,"href":"https:\/\/gndfood.com\/en\/wp-json\/wp\/v2\/pages\/871\/revisions"}],"predecessor-version":[{"id":1104,"href":"https:\/\/gndfood.com\/en\/wp-json\/wp\/v2\/pages\/871\/revisions\/1104"}],"wp:attachment":[{"href":"https:\/\/gndfood.com\/en\/wp-json\/wp\/v2\/media?parent=871"}],"curies":[{"name":"wp","href":"https:\/\/api.w.org\/{rel}","templated":true}]}}