{"id":868,"date":"2025-10-05T22:46:44","date_gmt":"2025-10-05T22:46:44","guid":{"rendered":"https:\/\/gndfood.com\/contact\/"},"modified":"2025-10-13T10:02:15","modified_gmt":"2025-10-13T10:02:15","slug":"contact","status":"publish","type":"page","link":"https:\/\/gndfood.com\/en\/contact\/","title":{"rendered":"Contact"},"content":{"rendered":"\t\t<div data-elementor-type=\"wp-page\" data-elementor-id=\"868\" class=\"elementor elementor-868 elementor-786\">\n\t\t\t\t<div class=\"elementor-element elementor-element-2738740 e-con-full e-flex e-con e-parent\" data-id=\"2738740\" data-element_type=\"container\" data-settings=\"{&quot;background_background&quot;:&quot;classic&quot;}\">\n\t\t<div class=\"elementor-element elementor-element-44b02c6 e-flex e-con-boxed e-con e-child\" data-id=\"44b02c6\" data-element_type=\"container\">\n\t\t\t\t\t<div class=\"e-con-inner\">\n\t\t\t\t<div class=\"elementor-element elementor-element-e495540 elementor-widget elementor-widget-heading\" data-id=\"e495540\" data-element_type=\"widget\" data-widget_type=\"heading.default\">\n\t\t\t\t\t<h2 class=\"elementor-heading-title elementor-size-default\">Contact<\/h2>\t\t\t\t<\/div>\n\t\t\t\t<div class=\"elementor-element elementor-element-22ac66d elementor-widget elementor-widget-heading\" data-id=\"22ac66d\" data-element_type=\"widget\" data-widget_type=\"heading.default\">\n\t\t\t\t\t<h2 class=\"elementor-heading-title elementor-size-default\">We Carry Flavor to the Future<\/h2>\t\t\t\t<\/div>\n\t\t\t\t\t<\/div>\n\t\t\t\t<\/div>\n\t\t\t\t<\/div>\n\t\t<div class=\"elementor-element elementor-element-89ebc20 e-con-full e-flex e-con e-parent\" data-id=\"89ebc20\" data-element_type=\"container\">\n\t\t<div class=\"elementor-element elementor-element-4b9743a e-flex e-con-boxed e-con e-child\" data-id=\"4b9743a\" data-element_type=\"container\" data-settings=\"{&quot;background_background&quot;:&quot;classic&quot;}\">\n\t\t\t\t\t<div class=\"e-con-inner\">\n\t\t<div class=\"elementor-element elementor-element-0a11df2 e-con-full e-flex e-con e-child\" data-id=\"0a11df2\" data-element_type=\"container\">\n\t\t\t\t<div class=\"elementor-element elementor-element-ee7f67d elementor-widget elementor-widget-shortcode\" data-id=\"ee7f67d\" data-element_type=\"widget\" data-widget_type=\"shortcode.default\">\n\t\t\t\t\t\t\t<div class=\"elementor-shortcode\">\n<div class=\"wpcf7 no-js\" id=\"wpcf7-f1068-o1\" lang=\"en-US\" dir=\"ltr\" data-wpcf7-id=\"1068\">\n<div class=\"screen-reader-response\"><p role=\"status\" aria-live=\"polite\" aria-atomic=\"true\"><\/p> <ul><\/ul><\/div>\n<form action=\"\/en\/wp-json\/wp\/v2\/pages\/868#wpcf7-f1068-o1\" method=\"post\" class=\"wpcf7-form init\" aria-label=\"Contact form\" novalidate=\"novalidate\" data-status=\"init\">\n<fieldset class=\"hidden-fields-container\"><input type=\"hidden\" name=\"_wpcf7\" value=\"1068\" \/><input type=\"hidden\" name=\"_wpcf7_version\" value=\"6.1.4\" \/><input type=\"hidden\" name=\"_wpcf7_locale\" value=\"en_US\" \/><input type=\"hidden\" name=\"_wpcf7_unit_tag\" value=\"wpcf7-f1068-o1\" \/><input type=\"hidden\" name=\"_wpcf7_container_post\" value=\"0\" \/><input type=\"hidden\" name=\"_wpcf7_posted_data_hash\" value=\"\" \/>\n<\/fieldset>\n<div class=\"row\">\n   <div class=\"col-sm-6 col-xs-12\">\n  <span class=\"wpcf7-form-control-wrap\" data-name=\"your-name\"><input size=\"40\" maxlength=\"400\" class=\"wpcf7-form-control wpcf7-text wpcf7-validates-as-required\" aria-required=\"true\" aria-invalid=\"false\" placeholder=\"Full Name\" value=\"\" type=\"text\" name=\"your-name\" \/><\/span>\n   <\/div>\n   <div class=\"col-sm-6 col-xs-12\">\n  <span class=\"wpcf7-form-control-wrap\" data-name=\"your-phone\"><input size=\"40\" maxlength=\"400\" class=\"wpcf7-form-control wpcf7-text wpcf7-validates-as-required\" aria-required=\"true\" aria-invalid=\"false\" placeholder=\"Email Address\" value=\"\" type=\"text\" name=\"your-phone\" \/><\/span>\n   <\/div>\n<\/div>\n<div class=\"row\">\n   <div class=\"col-sm-6 col-xs-12\">\n  <span class=\"wpcf7-form-control-wrap\" data-name=\"your-email\"><input size=\"40\" maxlength=\"400\" class=\"wpcf7-form-control wpcf7-email wpcf7-validates-as-required wpcf7-text wpcf7-validates-as-email\" aria-required=\"true\" aria-invalid=\"false\" placeholder=\"Phone Number\" value=\"\" type=\"email\" name=\"your-email\" \/><\/span>\n   <\/div>\n   <div class=\"col-sm-6 col-xs-12\">\n      <span class=\"wpcf7-form-control-wrap\" data-name=\"your-subject\"><input size=\"40\" maxlength=\"400\" class=\"wpcf7-form-control wpcf7-text\" aria-invalid=\"false\" placeholder=\"Subject\" value=\"\" type=\"text\" name=\"your-subject\" \/><\/span>\n   <\/div>\n<\/div>\n<div class=\"row\">\n   <div class=\"col-sm-12 col-xs-12\">\n      <span class=\"wpcf7-form-control-wrap\" data-name=\"your-message\"><textarea cols=\"40\" rows=\"10\" maxlength=\"2000\" class=\"wpcf7-form-control wpcf7-textarea\" aria-invalid=\"false\" placeholder=\"Your Message\" name=\"your-message\"><\/textarea><\/span>\n   <\/div>\n   <div class=\"col-sm-12 col-xs-12 action text-right\"><span class=\"form-action\"><input class=\"wpcf7-form-control wpcf7-submit has-spinner\" type=\"submit\" value=\"Send\" \/><\/span><\/div>\n<\/div><div class=\"wpcf7-response-output\" aria-hidden=\"true\"><\/div>\n<\/form>\n<\/div>\n<\/div>\n\t\t\t\t\t\t<\/div>\n\t\t\t\t<\/div>\n\t\t<div class=\"elementor-element elementor-element-754b87a e-con-full e-flex e-con e-child\" data-id=\"754b87a\" data-element_type=\"container\">\n\t\t\t\t<div class=\"elementor-element elementor-element-52cb7c1 elementor-widget elementor-widget-heading\" data-id=\"52cb7c1\" data-element_type=\"widget\" data-widget_type=\"heading.default\">\n\t\t\t\t\t<h2 class=\"elementor-heading-title elementor-size-default\">Our Contact Information<\/h2>\t\t\t\t<\/div>\n\t\t\t\t<div class=\"elementor-element elementor-element-0b8db05 elementor-view-stacked elementor-position-left icon-box-left elementor-shape-circle elementor-widget elementor-widget-icon-box\" data-id=\"0b8db05\" data-element_type=\"widget\" data-widget_type=\"icon-box.default\">\n\t\t\t\t\t\t\t<div class=\"elementor-icon-box-wrapper\">\n\n\t\t\t\t\t\t<div class=\"elementor-icon-box-icon\">\n\t\t\t\t<span  class=\"elementor-icon\">\n\t\t\t\t<i aria-hidden=\"true\" class=\"fas fa-phone-alt\"><\/i>\t\t\t\t<\/span>\n\t\t\t<\/div>\n\t\t\t\n\t\t\t\t\t\t<div class=\"elementor-icon-box-content\">\n\n\t\t\t\t\t\t\t\t\t<h3 class=\"elementor-icon-box-title\">\n\t\t\t\t\t\t<span  >\n\t\t\t\t\t\t\tPhone\t\t\t\t\t\t<\/span>\n\t\t\t\t\t<\/h3>\n\t\t\t\t\n\t\t\t\t\t\t\t\t\t<p class=\"elementor-icon-box-description\">\n\t\t\t\t\t\t+90 850 259 0304\t\t\t\t\t<\/p>\n\t\t\t\t\n\t\t\t<\/div>\n\t\t\t\n\t\t<\/div>\n\t\t\t\t\t\t<\/div>\n\t\t\t\t<div class=\"elementor-element elementor-element-d396895 elementor-view-stacked elementor-position-left icon-box-left elementor-shape-circle elementor-widget elementor-widget-icon-box\" data-id=\"d396895\" data-element_type=\"widget\" data-widget_type=\"icon-box.default\">\n\t\t\t\t\t\t\t<div class=\"elementor-icon-box-wrapper\">\n\n\t\t\t\t\t\t<div class=\"elementor-icon-box-icon\">\n\t\t\t\t<span  class=\"elementor-icon\">\n\t\t\t\t<i aria-hidden=\"true\" class=\"fas fa-paper-plane\"><\/i>\t\t\t\t<\/span>\n\t\t\t<\/div>\n\t\t\t\n\t\t\t\t\t\t<div class=\"elementor-icon-box-content\">\n\n\t\t\t\t\t\t\t\t\t<h3 class=\"elementor-icon-box-title\">\n\t\t\t\t\t\t<span  >\n\t\t\t\t\t\t\tEmail\t\t\t\t\t\t<\/span>\n\t\t\t\t\t<\/h3>\n\t\t\t\t\n\t\t\t\t\t\t\t\t\t<p class=\"elementor-icon-box-description\">\n\t\t\t\t\t\tinfo@gndfood.com\t\t\t\t\t<\/p>\n\t\t\t\t\n\t\t\t<\/div>\n\t\t\t\n\t\t<\/div>\n\t\t\t\t\t\t<\/div>\n\t\t\t\t<div class=\"elementor-element elementor-element-fe5c13b elementor-view-stacked elementor-position-left icon-box-left elementor-shape-circle elementor-widget elementor-widget-icon-box\" data-id=\"fe5c13b\" data-element_type=\"widget\" data-widget_type=\"icon-box.default\">\n\t\t\t\t\t\t\t<div class=\"elementor-icon-box-wrapper\">\n\n\t\t\t\t\t\t<div class=\"elementor-icon-box-icon\">\n\t\t\t\t<span  class=\"elementor-icon\">\n\t\t\t\t<i aria-hidden=\"true\" class=\"fas fa-paper-plane\"><\/i>\t\t\t\t<\/span>\n\t\t\t<\/div>\n\t\t\t\n\t\t\t\t\t\t<div class=\"elementor-icon-box-content\">\n\n\t\t\t\t\t\t\t\t\t<h3 class=\"elementor-icon-box-title\">\n\t\t\t\t\t\t<span  >\n\t\t\t\t\t\t\tAddress\t\t\t\t\t\t<\/span>\n\t\t\t\t\t<\/h3>\n\t\t\t\t\n\t\t\t\t\t\t\t\t\t<p class=\"elementor-icon-box-description\">\n\t\t\t\t\t\tArma\u011fanevler Mh, Dirili\u015f Cd, No:30, \u00dcmraniye\/\u0130stanbul\t\t\t\t\t<\/p>\n\t\t\t\t\n\t\t\t<\/div>\n\t\t\t\n\t\t<\/div>\n\t\t\t\t\t\t<\/div>\n\t\t\t\t<\/div>\n\t\t\t\t\t<\/div>\n\t\t\t\t<\/div>\n\t\t\t\t<\/div>\n\t\t<div class=\"elementor-element elementor-element-ebd326c e-con-full e-flex e-con e-parent\" data-id=\"ebd326c\" data-element_type=\"container\">\n\t\t<div class=\"elementor-element elementor-element-d30c38a e-con-full e-flex e-con e-child\" data-id=\"d30c38a\" data-element_type=\"container\">\n\t\t<div class=\"elementor-element elementor-element-a36b447 e-con-full e-flex e-con e-child\" data-id=\"a36b447\" data-element_type=\"container\">\n\t\t\t\t<div class=\"elementor-element elementor-element-81c6762 elementor-widget__width-initial elementor-widget elementor-widget-gva-location\" data-id=\"81c6762\" data-element_type=\"widget\" data-widget_type=\"gva-location.default\">\n\t\t\t\t<div class=\"elementor-widget-container\">\n\t\t\t\t\t<div class=\"gva-element-gva-location gva-element\">\r\n<div class=\"location__single\">\r\n\t<div class=\"location__wrap\">\r\n\t\t<h3 class=\"location__title\">Fabrika<\/h3>\r\n\t\t<div class=\"location__content\">\r\n\t\t\t<div class=\"location__image\"><img fetchpriority=\"high\" decoding=\"async\" width=\"1600\" height=\"833\" src=\"https:\/\/gndfood.com\/wp-content\/uploads\/2025\/09\/gnd-slide-1.jpg\" class=\"attachment-full size-full wp-image-494\" alt=\"\" srcset=\"https:\/\/gndfood.com\/wp-content\/uploads\/2025\/09\/gnd-slide-1.jpg 1600w, https:\/\/gndfood.com\/wp-content\/uploads\/2025\/09\/gnd-slide-1-1024x533.jpg 1024w, https:\/\/gndfood.com\/wp-content\/uploads\/2025\/09\/gnd-slide-1-768x400.jpg 768w, https:\/\/gndfood.com\/wp-content\/uploads\/2025\/09\/gnd-slide-1-600x312.jpg 600w\" sizes=\"(max-width: 1600px) 100vw, 1600px\" \/><\/div><div class=\"location__desc\">K\u00fc\u00e7\u00fckalanl\u0131, 142 Cad \u015eanl\u0131urfa Organize Sanayi B\u00f6lgesi No:18 \u0130\u00e7 Kap\u0131 No:1,  Karak\u00f6pr\u00fc\/\u015eanl\u0131urfa<\/div><div class=\"location__contact-item\"><div class=\"location__contact-icon\"><i aria-hidden=\"true\" class=\"fas fa-paper-plane\"><\/i><\/div><h3 class=\"location__contact-title\">\t\t  <a href=\"mailto:info@gndfood.com\" class=\"location__contact-link-overlay\">\r\n\t\t\t info@gndfood.com\t\t  <\/a>\r\n\t\t  <\/h3><\/div><div class=\"location__contact-item\"><div class=\"location__contact-icon\"><i aria-hidden=\"true\" class=\"fas fa-phone-alt\"><\/i><\/div><h3 class=\"location__contact-title\">\t\t  <a href=\"tel:+908502590304\" class=\"location__contact-link-overlay\">\r\n\t\t\t +90 850 259 0304\t\t  <\/a>\r\n\t\t  <\/h3><\/div>\t\t<\/div>\t\r\n\t<\/div>   \r\n<\/div>\r\n<\/div>\t\t\t\t<\/div>\n\t\t\t\t<\/div>\n\t\t\t\t<\/div>\n\t\t<div class=\"elementor-element elementor-element-9eda92a e-con-full e-flex e-con e-child\" data-id=\"9eda92a\" data-element_type=\"container\">\n\t\t\t\t<div class=\"elementor-element elementor-element-459358f elementor-widget__width-initial elementor-widget elementor-widget-gva-location\" data-id=\"459358f\" data-element_type=\"widget\" data-widget_type=\"gva-location.default\">\n\t\t\t\t<div class=\"elementor-widget-container\">\n\t\t\t\t\t<div class=\"gva-element-gva-location gva-element\">\r\n<div class=\"location__single active\">\r\n\t<div class=\"location__wrap\">\r\n\t\t<h3 class=\"location__title\">Genel Merkez<\/h3>\r\n\t\t<div class=\"location__content\">\r\n\t\t\t<div class=\"location__image\"><img decoding=\"async\" width=\"430\" height=\"246\" src=\"https:\/\/gndfood.com\/wp-content\/uploads\/2024\/06\/image-34.jpg\" class=\"attachment-full size-full wp-image-376\" alt=\"\" \/><\/div><div class=\"location__desc\">Arma\u011fanevler Mh, Dirili\u015f Cd, No:30,  \u00dcmraniye\/\u0130stanbul<\/div><div class=\"location__contact-item\"><div class=\"location__contact-icon\"><i aria-hidden=\"true\" class=\"fas fa-paper-plane\"><\/i><\/div><h3 class=\"location__contact-title\">\t\t  <a href=\"mailto:info@gndfood.com\" class=\"location__contact-link-overlay\">\r\n\t\t\t info@gndfood.com\t\t  <\/a>\r\n\t\t  <\/h3><\/div><div class=\"location__contact-item\"><div class=\"location__contact-icon\"><i aria-hidden=\"true\" class=\"fas fa-phone-alt\"><\/i><\/div><h3 class=\"location__contact-title\">\t\t  <a href=\"tel:+908502590304\" class=\"location__contact-link-overlay\">\r\n\t\t\t +90 850 259 0304\t\t  <\/a>\r\n\t\t  <\/h3><\/div>\t\t<\/div>\t\r\n\t<\/div>   \r\n<\/div>\r\n<\/div>\t\t\t\t<\/div>\n\t\t\t\t<\/div>\n\t\t\t\t<\/div>\n\t\t\t\t<\/div>\n\t\t<div class=\"elementor-element elementor-element-6175896 e-con-full e-flex e-con e-child\" data-id=\"6175896\" data-element_type=\"container\">\n\t\t<div class=\"elementor-element elementor-element-a69381d e-con-full e-flex e-con e-child\" data-id=\"a69381d\" data-element_type=\"container\">\n\t\t\t\t<div class=\"elementor-element elementor-element-fd80c79 elementor-widget elementor-widget-google_maps\" data-id=\"fd80c79\" data-element_type=\"widget\" data-widget_type=\"google_maps.default\">\n\t\t\t\t\t\t\t<div class=\"elementor-custom-embed\">\n\t\t\t<iframe loading=\"lazy\"\n\t\t\t\t\tsrc=\"https:\/\/maps.google.com\/maps?q=Gnd%20Food%20Beverage%20istanbul&#038;t=m&#038;z=11&#038;output=embed&#038;iwloc=near\"\n\t\t\t\t\ttitle=\"Gnd Food Beverage istanbul\"\n\t\t\t\t\taria-label=\"Gnd Food Beverage istanbul\"\n\t\t\t><\/iframe>\n\t\t<\/div>\n\t\t\t\t\t\t<\/div>\n\t\t\t\t<\/div>\n\t\t\t\t<\/div>\n\t\t\t\t<\/div>\n\t\t\t\t<\/div>\n\t\t","protected":false},"excerpt":{"rendered":"<p>Contact We Carry Flavor to the Future Our Contact Information Phone +90 850 259 0304 Email info@gndfood.com Address Arma\u011fanevler Mh, Dirili\u015f Cd, No:30, \u00dcmraniye\/\u0130stanbul Fabrika K\u00fc\u00e7\u00fckalanl\u0131, 142 Cad \u015eanl\u0131urfa Organize [&hellip;]<\/p>\n","protected":false},"author":1,"featured_media":0,"parent":0,"menu_order":0,"comment_status":"closed","ping_status":"closed","template":"","meta":{"footnotes":""},"class_list":["post-868","page","type-page","status-publish","hentry"],"_links":{"self":[{"href":"https:\/\/gndfood.com\/en\/wp-json\/wp\/v2\/pages\/868","targetHints":{"allow":["GET"]}}],"collection":[{"href":"https:\/\/gndfood.com\/en\/wp-json\/wp\/v2\/pages"}],"about":[{"href":"https:\/\/gndfood.com\/en\/wp-json\/wp\/v2\/types\/page"}],"author":[{"embeddable":true,"href":"https:\/\/gndfood.com\/en\/wp-json\/wp\/v2\/users\/1"}],"replies":[{"embeddable":true,"href":"https:\/\/gndfood.com\/en\/wp-json\/wp\/v2\/comments?post=868"}],"version-history":[{"count":3,"href":"https:\/\/gndfood.com\/en\/wp-json\/wp\/v2\/pages\/868\/revisions"}],"predecessor-version":[{"id":1039,"href":"https:\/\/gndfood.com\/en\/wp-json\/wp\/v2\/pages\/868\/revisions\/1039"}],"wp:attachment":[{"href":"https:\/\/gndfood.com\/en\/wp-json\/wp\/v2\/media?parent=868"}],"curies":[{"name":"wp","href":"https:\/\/api.w.org\/{rel}","templated":true}]}}